{"id":38962,"date":"2026-03-18T18:01:00","date_gmt":"2026-03-18T22:01:00","guid":{"rendered":"https:\/\/nelligan.s2.whc.webmarketersdev.ca\/nos-ressources\/"},"modified":"2026-03-18T18:01:01","modified_gmt":"2026-03-18T22:01:01","slug":"nos-ressources","status":"publish","type":"page","link":"https:\/\/nelliganlaw.ca\/fr\/nos-ressources\/","title":{"rendered":"Nos Ressources"},"content":{"rendered":"\t\t<div data-elementor-type=\"wp-page\" data-elementor-id=\"38962\" class=\"elementor elementor-38962 elementor-37779\" data-elementor-post-type=\"page\">\n\t\t\t\t<div class=\"elementor-element elementor-element-50ff310 inner-banner e-flex e-con-boxed e-con e-parent\" data-id=\"50ff310\" data-element_type=\"container\" data-e-type=\"container\" data-settings=\"{&quot;background_background&quot;:&quot;classic&quot;}\">\n\t\t\t\t\t<div class=\"e-con-inner\">\n\t\t<div class=\"elementor-element elementor-element-c157072 e-con-full e-flex e-con e-child\" data-id=\"c157072\" data-element_type=\"container\" data-e-type=\"container\">\n\t\t\t\t<div class=\"elementor-element elementor-element-e54fc91 elementor-align-center elementor-widget elementor-widget-breadcrumbs\" data-id=\"e54fc91\" data-element_type=\"widget\" data-e-type=\"widget\" data-widget_type=\"breadcrumbs.default\">\n\t\t\t\t<div class=\"elementor-widget-container\">\n\t\t\t\t\t<nav id=\"breadcrumbs\"><span><span><a href=\"https:\/\/nelliganlaw.ca\/fr\/home\/\">Home<\/a><\/span><\/span><\/nav>\t\t\t\t<\/div>\n\t\t\t\t<\/div>\n\t\t\t\t<div class=\"elementor-element elementor-element-9e0492f elementor-widget elementor-widget-heading\" data-id=\"9e0492f\" data-element_type=\"widget\" data-e-type=\"widget\" data-widget_type=\"heading.default\">\n\t\t\t\t<div class=\"elementor-widget-container\">\n\t\t\t\t\t<h1 class=\"elementor-heading-title elementor-size-default\">Nos <span>Ressources <\/span> <\/h1>\t\t\t\t<\/div>\n\t\t\t\t<\/div>\n\t\t\t\t<div class=\"elementor-element elementor-element-f6147f5 elementor-absolute elementor-view-default elementor-widget elementor-widget-icon\" data-id=\"f6147f5\" data-element_type=\"widget\" data-e-type=\"widget\" data-settings=\"{&quot;_position&quot;:&quot;absolute&quot;}\" data-widget_type=\"icon.default\">\n\t\t\t\t<div class=\"elementor-widget-container\">\n\t\t\t\t\t\t\t<div class=\"elementor-icon-wrapper\">\n\t\t\t<div class=\"elementor-icon\">\n\t\t\t<svg xmlns=\"http:\/\/www.w3.org\/2000\/svg\" width=\"741\" height=\"371\" viewBox=\"0 0 741 371\" fill=\"none\"><g opacity=\"0.3\"><g opacity=\"0.23\"><line y1=\"-0.51884\" x2=\"793.777\" y2=\"-0.51884\" transform=\"matrix(-0.856233 0.51659 0.51659 0.856233 680.194 0.941925)\" stroke=\"white\" stroke-width=\"1.03768\"><\/line><line y1=\"-0.51884\" x2=\"793.777\" y2=\"-0.51884\" transform=\"matrix(-0.856233 0.51659 0.51659 0.856233 1360.23 0.942047)\" stroke=\"white\" stroke-width=\"1.03768\"><\/line><mask id=\"path-3-inside-1_1282_9909\" fill=\"white\"><path d=\"M269.565 0L269.565 411L680.565 411L680.565 1.79654e-05L269.565 0Z\"><\/path><\/mask><path d=\"M269.565 411L269.565 412.038L268.528 412.038L268.528 411L269.565 411ZM680.565 411L681.603 411L681.603 412.038L680.565 412.038L680.565 411ZM269.565 0L270.603 4.53584e-08L270.603 411L269.565 411L268.528 411L268.528 -4.53584e-08L269.565 0ZM269.565 411L269.565 409.962L680.565 409.962L680.565 411L680.565 412.038L269.565 412.038L269.565 411ZM680.565 411L679.528 411L679.528 1.792e-05L680.565 1.79654e-05L681.603 1.80107e-05L681.603 411L680.565 411Z\" fill=\"white\" mask=\"url(#path-3-inside-1_1282_9909)\"><\/path><mask id=\"path-5-inside-2_1282_9909\" fill=\"white\"><path d=\"M680.569 0L680.569 411L1381.91 411L1381.91 3.06565e-05L680.569 0Z\"><\/path><\/mask><path d=\"M1381.91 411L1380.87 411L1380.87 3.06112e-05L1381.91 3.06565e-05L1382.95 3.07019e-05L1382.95 411L1381.91 411Z\" fill=\"white\" mask=\"url(#path-5-inside-2_1282_9909)\"><\/path><\/g><\/g><\/svg>\t\t\t<\/div>\n\t\t<\/div>\n\t\t\t\t\t\t<\/div>\n\t\t\t\t<\/div>\n\t\t\t\t<div class=\"elementor-element elementor-element-cd93fa6 elementor-widget__width-initial elementor-widget elementor-widget-shortcode\" data-id=\"cd93fa6\" data-element_type=\"widget\" data-e-type=\"widget\" data-widget_type=\"shortcode.default\">\n\t\t\t\t<div class=\"elementor-widget-container\">\n\t\t\t\t\t\t\t<div class=\"elementor-shortcode\">    <div class=\"resources-search-section nl-search\">\n        <input type=\"text\" id=\"resources-search\" placeholder=\"Search All Resources\">\n\t\t<button type=\"submit\"><span class=\"icon\"><\/span><\/button>\n    <\/div>\n    <\/div>\n\t\t\t\t\t\t<\/div>\n\t\t\t\t<\/div>\n\t\t\t\t<\/div>\n\t\t\t\t\t<\/div>\n\t\t\t\t<\/div>\n\t\t<div class=\"elementor-element elementor-element-66f524f e-flex e-con-boxed e-con e-parent\" data-id=\"66f524f\" data-element_type=\"container\" data-e-type=\"container\" data-settings=\"{&quot;background_background&quot;:&quot;classic&quot;}\">\n\t\t\t\t\t<div class=\"e-con-inner\">\n\t\t\t\t<div class=\"elementor-element elementor-element-f44aa3a elementor-widget elementor-widget-shortcode\" data-id=\"f44aa3a\" data-element_type=\"widget\" data-e-type=\"widget\" data-widget_type=\"shortcode.default\">\n\t\t\t\t<div class=\"elementor-widget-container\">\n\t\t\t\t\t\t\t<div class=\"elementor-shortcode\">\t<div class=\"resources-filters\">\n\t\t<div class=\"filter-select-item\">\n\t\t\t<span>By Practice Area<\/span>\n\t\t\t<div class=\"select-wrapper\">\n\t\t\t\t<select id=\"practice-area-filter\">\n\t\t\t\t\t<option value=\"\">All Practice Areas<\/option><option value=\"labour-law-fr\">Droit du travail<\/option><option value=\"litigation-fr\">Le litige<\/option><option value=\"personal-injury-lawyer-fr\">Les Pr\u00e9judices Corporels<\/option><option value=\"immobilier-et-dveloppement\">Immobilier et dveloppement<\/option><option value=\"droit-syndical\">Droit syndical<\/option><option value=\"droit-du-travail-pour-les-employes\">Droit du travail pour les employ\u00e9s<\/option><option value=\"droit-de-limmigration\">Droit de l&#8217;immigration<\/option><option value=\"droit-du-travaildroit-du-travail-pour-les-employes\">Droit du travail|Droit du travail pour les employ\u00e9s<\/option><option value=\"business-law-fr\">Business Law<\/option><option value=\"droit-de-lemploi-aux-employeurs\">Droit de l&#039;emploi aux Employeurs<\/option><option value=\"construction-fr\">Droit de la construction<\/option><option value=\"employment-law-for-employees-fr\">Droit de l&#039;emploi aux Employes<\/option><option value=\"employment-law-for-employers-fr\">Droit de l&#039;emploi aux Employeurs<\/option><option value=\"estates-law-fr\">Droit Immobilier<\/option><option value=\"family-law-fr\">Droit de la Famille<\/option><option value=\"insurance-law-fr\">Droit des assurances<\/option><option value=\"intellectual-property-fr\">La propri\u00e9t\u00e9 intellectuelle<\/option>\t\t\t\t<\/select>\n\t\t\t<\/div>\n\t\t<\/div>\n\t\t<div class=\"filter-select-item\">\n\t\t\t<span>By Author<\/span>\n\t\t\t<div class=\"select-wrapper\">\n\t\t\t\t<select id=\"author-filter\">\n\t\t\t\t\t<option value=\"\">All Authors<\/option><option value=\"40089\">Sonia Chase<\/option><option value=\"39899\">Julie Sarrazin<\/option><option value=\"39893\">Madison Chilvers<\/option><option value=\"39872\">Hannah Saunders<\/option><option value=\"39632\">Denise Desch\u00eanes<\/option><option value=\"39616\">Malini Vijaykumar<\/option><option value=\"39613\">Kendra Landry<\/option><option value=\"39609\">Pamela El Feghaly<\/option><option value=\"39605\">Tatyana Loeffler-Vulpe<\/option><option value=\"38686\">Sarah Di Liello<\/option><option value=\"33839\">Evelyn Hein<\/option><option value=\"33670\">Pamela El Feghaly<\/option><option value=\"33649\">Kyle Anderson<\/option><option value=\"33643\">Joe Habr<\/option><option value=\"33625\">Joyce Ghaly<\/option><option value=\"33564\">Daniel Duyvelshoff<\/option><option value=\"33516\">Erin MacDonald<\/option><option value=\"33455\">Edward K. Mann<\/option><option value=\"33256\">Yasmin Abbadi<\/option><option value=\"32429\">Kendra Landry<\/option><option value=\"32427\">Emma Lodge<\/option><option value=\"32364\">Elizabeth Bratton<\/option><option value=\"31420\">Linda Villeneuve<\/option><option value=\"31399\">Holly Poirier<\/option><option value=\"31790\">Jacob Harper<\/option><option value=\"31401\">Kimberly Vaughan Bittman<\/option><option value=\"31409\">Kevin Padley<\/option><option value=\"31421\">Tram Stevens<\/option><option value=\"31416\">Carole Amyotte<\/option><option value=\"31406\">Robyn Beaulne<\/option><option value=\"31404\">Nathan Wichers-Schreur<\/option><option value=\"31398\">Kaitlyn Shute<\/option><option value=\"31072\">Erika Young<\/option><option value=\"30887\">Sara Morrison<\/option><option value=\"30892\">Stanford Cummings<\/option><option value=\"30867\">Tatyana Loeffler-Vulpe<\/option><option value=\"30624\">Brent Marks<\/option><option value=\"30463\">Eytan Rip<\/option><option value=\"27766\">Rhian Foley<\/option><option value=\"27735\">Kiran Uppal<\/option><option value=\"26774\">Sam Shortt<\/option><option value=\"26355\">Alaina Woolfrey<\/option><option value=\"26235\">Zakia Jahan<\/option><option value=\"26125\">Jaimee Rimer<\/option><option value=\"26088\">Erin McEwen<\/option><option value=\"25873\">Maya Fernandez<\/option><option value=\"25837\">Hamish Mills-McEwan<\/option><option value=\"6163\">Adrienne Fanjoy<\/option><option value=\"39834\">Karine Dion<\/option><option value=\"6166\">Rebekah Schultz<\/option><option value=\"6162\">Jonathan Constable<\/option><option value=\"6160\">Malini Vijaykumar<\/option><option value=\"6158\">Denise Desch\u00eanes<\/option><option value=\"6156\">Audrey DeMarsico<\/option><option value=\"6155\">Karine Dion<\/option><option value=\"6154\">Tracy Lyle<\/option><option value=\"6149\">Caitlin Cardill<\/option><option value=\"6148\">Jessica Fullerton<\/option><option value=\"6147\">Jenna Preston<\/option><option value=\"6146\">Bryan Thaw<\/option><option value=\"6140\">Janice Payne<\/option><option value=\"6137\">Mia Hempey<\/option><option value=\"39828\">Jim Anstey<\/option><option value=\"6133\">Colin Dubeau<\/option><option value=\"6131\">Frances Shapiro-Munn<\/option><option value=\"6129\">John Lundrigan<\/option><option value=\"6128\">Andrew Montague-Reinholdt<\/option><option value=\"6124\">Jim Anstey<\/option><option value=\"6123\">Debbie Bellinger<\/option><option value=\"6118\">Craig O&rsquo;Brien<\/option><option value=\"6116\">Jake Ruddy<\/option><option value=\"6115\">Brian Hebert<\/option><option value=\"6114\">Jane Hunt<\/option>\t\t\t\t<\/select>\n\t\t\t<\/div>\n\t\t<\/div>\n\t\t<div class=\"filter-select-item\">\n\t\t\t<span>Post Type<\/span>\n\t\t\t<div class=\"select-wrapper\">\n\t\t\t\t<select id=\"post-type-filter\">\n\t\t\t\t\t<option value=\"\">All Types<\/option><option value=\"post\">Article<\/option><option value=\"articles\">Article<\/option><option value=\"cases\">Case<\/option><option value=\"videos\">Video<\/option>\t\t\t\t<\/select>\n\t\t\t<\/div>\n\t\t<\/div>\n\t<\/div>\n    <\/div>\n\t\t\t\t\t\t<\/div>\n\t\t\t\t<\/div>\n\t\t\t\t\t<\/div>\n\t\t\t\t<\/div>\n\t\t<div class=\"elementor-element elementor-element-fef43c0 e-flex e-con-boxed e-con e-parent\" data-id=\"fef43c0\" data-element_type=\"container\" data-e-type=\"container\">\n\t\t\t\t\t<div class=\"e-con-inner\">\n\t\t\t\t<div class=\"elementor-element elementor-element-131eefe elementor-widget elementor-widget-shortcode\" data-id=\"131eefe\" data-element_type=\"widget\" data-e-type=\"widget\" data-widget_type=\"shortcode.default\">\n\t\t\t\t<div class=\"elementor-widget-container\">\n\t\t\t\t\t\t\t<div class=\"elementor-shortcode\">    \n    <div class=\"counter-header\">\n        <div class=\"results-count\">\n            <span>Results<\/span>\n            <span id=\"results-number\">Showing <strong>0 Results<\/strong><\/span>\n        <\/div>\n    <\/div>\n\n    <div id=\"resources-loader\" class=\"resources-loader\" style=\"display:none;\"><\/div>\n\n    <div id=\"resources-grid\" class=\"resources-grid\"><\/div>\n\n    <div class=\"load-more-wrapper\">\n        <button id=\"load-more-resources\" style=\"display:none;\">Load More<\/button>\n    <\/div>\n\n    <\/div>\n\t\t\t\t\t\t<\/div>\n\t\t\t\t<\/div>\n\t\t\t\t\t<\/div>\n\t\t\t\t<\/div>\n\t\t<div class=\"elementor-element elementor-element-d78c90d e-flex e-con-boxed e-con e-parent\" data-id=\"d78c90d\" data-element_type=\"container\" data-e-type=\"container\" data-settings=\"{&quot;background_background&quot;:&quot;classic&quot;}\">\n\t\t\t\t\t<div class=\"e-con-inner\">\n\t\t\t\t<div class=\"elementor-element elementor-element-15fd3f5 elementor-widget__width-initial elementor-widget elementor-widget-heading\" data-id=\"15fd3f5\" data-element_type=\"widget\" data-e-type=\"widget\" data-widget_type=\"heading.default\">\n\t\t\t\t<div class=\"elementor-widget-container\">\n\t\t\t\t\t<h3 class=\"elementor-heading-title elementor-size-default\">Les d\u00e9fis juridiques peuvent \u00eatre accablants - \u2028<span>nous sommes l\u00e0 pour vous guider. <\/span> <\/h3>\t\t\t\t<\/div>\n\t\t\t\t<\/div>\n\t\t\t\t<div class=\"elementor-element elementor-element-e8c1465 elementor-align-center elementor-widget elementor-widget-global elementor-global-40030 elementor-global-36486 elementor-widget-button\" data-id=\"e8c1465\" data-element_type=\"widget\" data-e-type=\"widget\" data-widget_type=\"button.default\">\n\t\t\t\t<div class=\"elementor-widget-container\">\n\t\t\t\t\t\t\t\t\t<div class=\"elementor-button-wrapper\">\n\t\t\t\t\t<a class=\"elementor-button elementor-button-link elementor-size-sm\" href=\"\/lets-talk\/\">\n\t\t\t\t\t\t<span class=\"elementor-button-content-wrapper\">\n\t\t\t\t\t\t\t\t\t<span class=\"elementor-button-text\">Discutons-en<\/span>\n\t\t\t\t\t<\/span>\n\t\t\t\t\t<\/a>\n\t\t\t\t<\/div>\n\t\t\t\t\t\t\t\t<\/div>\n\t\t\t\t<\/div>\n\t\t\t\t\t<\/div>\n\t\t\t\t<\/div>\n\t\t\t\t<\/div>\n\t\t","protected":false},"excerpt":{"rendered":"<p>Nos Ressources Les d\u00e9fis juridiques peuvent \u00eatre accablants &#8211; \u2028nous sommes l\u00e0 pour vous guider. Let\u2019s Talk<\/p>\n","protected":false},"author":18,"featured_media":0,"parent":0,"menu_order":0,"comment_status":"closed","ping_status":"closed","template":"elementor_header_footer","meta":{"_acf_changed":false,"footnotes":""},"class_list":["post-38962","page","type-page","status-publish","hentry"],"acf":[],"yoast_head":"<!-- This site is optimized with the Yoast SEO plugin v27.3 - https:\/\/yoast.com\/product\/yoast-seo-wordpress\/ -->\n<title>Ressources juridiques, cas et aper\u00e7us | Nelligan Law<\/title>\n<meta name=\"description\" content=\"Acc\u00e9dez \u00e0 des ressources juridiques, des articles et des analyses de l\u2019\u00e9quipe exp\u00e9riment\u00e9e de Nelligan Law pour vous aider \u00e0 prendre des d\u00e9cisions \u00e9clair\u00e9es.\" \/>\n<meta name=\"robots\" content=\"index, follow, max-snippet:-1, max-image-preview:large, max-video-preview:-1\" \/>\n<link rel=\"canonical\" href=\"https:\/\/nelliganlaw.ca\/fr\/nos-ressources\/\" \/>\n<meta property=\"og:locale\" content=\"fr_CA\" \/>\n<meta property=\"og:type\" content=\"article\" \/>\n<meta property=\"og:title\" content=\"Ressources juridiques, cas et aper\u00e7us | Nelligan Law\" \/>\n<meta property=\"og:description\" content=\"Acc\u00e9dez \u00e0 des ressources juridiques, des articles et des analyses de l\u2019\u00e9quipe exp\u00e9riment\u00e9e de Nelligan Law pour vous aider \u00e0 prendre des d\u00e9cisions \u00e9clair\u00e9es.\" \/>\n<meta property=\"og:url\" content=\"https:\/\/nelliganlaw.ca\/fr\/nos-ressources\/\" \/>\n<meta property=\"og:site_name\" content=\"Nelligan Law\" \/>\n<meta property=\"article:publisher\" content=\"https:\/\/www.facebook.com\/nelliganlaw\" \/>\n<meta property=\"article:modified_time\" content=\"2026-03-18T22:01:01+00:00\" \/>\n<meta name=\"twitter:card\" content=\"summary_large_image\" \/>\n<meta name=\"twitter:site\" content=\"@NelliganLaw\" \/>\n<script type=\"application\/ld+json\" class=\"yoast-schema-graph\">{\"@context\":\"https:\\\/\\\/schema.org\",\"@graph\":[{\"@type\":\"WebPage\",\"@id\":\"https:\\\/\\\/nelliganlaw.ca\\\/fr\\\/nos-ressources\\\/\",\"url\":\"https:\\\/\\\/nelliganlaw.ca\\\/fr\\\/nos-ressources\\\/\",\"name\":\"Ressources juridiques, cas et aper\u00e7us | Nelligan Law\",\"isPartOf\":{\"@id\":\"https:\\\/\\\/nelliganlaw.ca\\\/fr\\\/#website\"},\"datePublished\":\"2026-03-18T22:01:00+00:00\",\"dateModified\":\"2026-03-18T22:01:01+00:00\",\"description\":\"Acc\u00e9dez \u00e0 des ressources juridiques, des articles et des analyses de l\u2019\u00e9quipe exp\u00e9riment\u00e9e de Nelligan Law pour vous aider \u00e0 prendre des d\u00e9cisions \u00e9clair\u00e9es.\",\"breadcrumb\":{\"@id\":\"https:\\\/\\\/nelliganlaw.ca\\\/fr\\\/nos-ressources\\\/#breadcrumb\"},\"inLanguage\":\"fr-CA\",\"potentialAction\":[{\"@type\":\"ReadAction\",\"target\":[\"https:\\\/\\\/nelliganlaw.ca\\\/fr\\\/nos-ressources\\\/\"]}]},{\"@type\":\"BreadcrumbList\",\"@id\":\"https:\\\/\\\/nelliganlaw.ca\\\/fr\\\/nos-ressources\\\/#breadcrumb\",\"itemListElement\":[{\"@type\":\"ListItem\",\"position\":1,\"name\":\"Home\",\"item\":\"https:\\\/\\\/nelliganlaw.ca\\\/fr\\\/home\\\/\"},{\"@type\":\"ListItem\",\"position\":2,\"name\":\"Nos Ressources\"}]},{\"@type\":\"WebSite\",\"@id\":\"https:\\\/\\\/nelliganlaw.ca\\\/fr\\\/#website\",\"url\":\"https:\\\/\\\/nelliganlaw.ca\\\/fr\\\/\",\"name\":\"Nelligan Law\",\"description\":\"\",\"publisher\":{\"@id\":\"https:\\\/\\\/nelliganlaw.ca\\\/fr\\\/#organization\"},\"potentialAction\":[{\"@type\":\"SearchAction\",\"target\":{\"@type\":\"EntryPoint\",\"urlTemplate\":\"https:\\\/\\\/nelliganlaw.ca\\\/fr\\\/?s={search_term_string}\"},\"query-input\":{\"@type\":\"PropertyValueSpecification\",\"valueRequired\":true,\"valueName\":\"search_term_string\"}}],\"inLanguage\":\"fr-CA\"},{\"@type\":\"Organization\",\"@id\":\"https:\\\/\\\/nelliganlaw.ca\\\/fr\\\/#organization\",\"name\":\"Nelligan Law\",\"url\":\"https:\\\/\\\/nelliganlaw.ca\\\/fr\\\/\",\"logo\":{\"@type\":\"ImageObject\",\"inLanguage\":\"fr-CA\",\"@id\":\"https:\\\/\\\/nelliganlaw.ca\\\/fr\\\/#\\\/schema\\\/logo\\\/image\\\/\",\"url\":\"https:\\\/\\\/nelliganlaw.ca\\\/wp-content\\\/uploads\\\/2021\\\/03\\\/nelligan-logo-colour-black.svg\",\"contentUrl\":\"https:\\\/\\\/nelliganlaw.ca\\\/wp-content\\\/uploads\\\/2021\\\/03\\\/nelligan-logo-colour-black.svg\",\"width\":535,\"height\":145,\"caption\":\"Nelligan Law\"},\"image\":{\"@id\":\"https:\\\/\\\/nelliganlaw.ca\\\/fr\\\/#\\\/schema\\\/logo\\\/image\\\/\"},\"sameAs\":[\"https:\\\/\\\/www.facebook.com\\\/nelliganlaw\",\"https:\\\/\\\/x.com\\\/NelliganLaw\"]}]}<\/script>\n<!-- \/ Yoast SEO plugin. -->","yoast_head_json":{"title":"Ressources juridiques, cas et aper\u00e7us | Nelligan Law","description":"Acc\u00e9dez \u00e0 des ressources juridiques, des articles et des analyses de l\u2019\u00e9quipe exp\u00e9riment\u00e9e de Nelligan Law pour vous aider \u00e0 prendre des d\u00e9cisions \u00e9clair\u00e9es.","robots":{"index":"index","follow":"follow","max-snippet":"max-snippet:-1","max-image-preview":"max-image-preview:large","max-video-preview":"max-video-preview:-1"},"canonical":"https:\/\/nelliganlaw.ca\/fr\/nos-ressources\/","og_locale":"fr_CA","og_type":"article","og_title":"Ressources juridiques, cas et aper\u00e7us | Nelligan Law","og_description":"Acc\u00e9dez \u00e0 des ressources juridiques, des articles et des analyses de l\u2019\u00e9quipe exp\u00e9riment\u00e9e de Nelligan Law pour vous aider \u00e0 prendre des d\u00e9cisions \u00e9clair\u00e9es.","og_url":"https:\/\/nelliganlaw.ca\/fr\/nos-ressources\/","og_site_name":"Nelligan Law","article_publisher":"https:\/\/www.facebook.com\/nelliganlaw","article_modified_time":"2026-03-18T22:01:01+00:00","twitter_card":"summary_large_image","twitter_site":"@NelliganLaw","schema":{"@context":"https:\/\/schema.org","@graph":[{"@type":"WebPage","@id":"https:\/\/nelliganlaw.ca\/fr\/nos-ressources\/","url":"https:\/\/nelliganlaw.ca\/fr\/nos-ressources\/","name":"Ressources juridiques, cas et aper\u00e7us | Nelligan Law","isPartOf":{"@id":"https:\/\/nelliganlaw.ca\/fr\/#website"},"datePublished":"2026-03-18T22:01:00+00:00","dateModified":"2026-03-18T22:01:01+00:00","description":"Acc\u00e9dez \u00e0 des ressources juridiques, des articles et des analyses de l\u2019\u00e9quipe exp\u00e9riment\u00e9e de Nelligan Law pour vous aider \u00e0 prendre des d\u00e9cisions \u00e9clair\u00e9es.","breadcrumb":{"@id":"https:\/\/nelliganlaw.ca\/fr\/nos-ressources\/#breadcrumb"},"inLanguage":"fr-CA","potentialAction":[{"@type":"ReadAction","target":["https:\/\/nelliganlaw.ca\/fr\/nos-ressources\/"]}]},{"@type":"BreadcrumbList","@id":"https:\/\/nelliganlaw.ca\/fr\/nos-ressources\/#breadcrumb","itemListElement":[{"@type":"ListItem","position":1,"name":"Home","item":"https:\/\/nelliganlaw.ca\/fr\/home\/"},{"@type":"ListItem","position":2,"name":"Nos Ressources"}]},{"@type":"WebSite","@id":"https:\/\/nelliganlaw.ca\/fr\/#website","url":"https:\/\/nelliganlaw.ca\/fr\/","name":"Nelligan Law","description":"","publisher":{"@id":"https:\/\/nelliganlaw.ca\/fr\/#organization"},"potentialAction":[{"@type":"SearchAction","target":{"@type":"EntryPoint","urlTemplate":"https:\/\/nelliganlaw.ca\/fr\/?s={search_term_string}"},"query-input":{"@type":"PropertyValueSpecification","valueRequired":true,"valueName":"search_term_string"}}],"inLanguage":"fr-CA"},{"@type":"Organization","@id":"https:\/\/nelliganlaw.ca\/fr\/#organization","name":"Nelligan Law","url":"https:\/\/nelliganlaw.ca\/fr\/","logo":{"@type":"ImageObject","inLanguage":"fr-CA","@id":"https:\/\/nelliganlaw.ca\/fr\/#\/schema\/logo\/image\/","url":"https:\/\/nelliganlaw.ca\/wp-content\/uploads\/2021\/03\/nelligan-logo-colour-black.svg","contentUrl":"https:\/\/nelliganlaw.ca\/wp-content\/uploads\/2021\/03\/nelligan-logo-colour-black.svg","width":535,"height":145,"caption":"Nelligan Law"},"image":{"@id":"https:\/\/nelliganlaw.ca\/fr\/#\/schema\/logo\/image\/"},"sameAs":["https:\/\/www.facebook.com\/nelliganlaw","https:\/\/x.com\/NelliganLaw"]}]}},"_links":{"self":[{"href":"https:\/\/nelliganlaw.ca\/fr\/wp-json\/wp\/v2\/pages\/38962","targetHints":{"allow":["GET"]}}],"collection":[{"href":"https:\/\/nelliganlaw.ca\/fr\/wp-json\/wp\/v2\/pages"}],"about":[{"href":"https:\/\/nelliganlaw.ca\/fr\/wp-json\/wp\/v2\/types\/page"}],"author":[{"embeddable":true,"href":"https:\/\/nelliganlaw.ca\/fr\/wp-json\/wp\/v2\/users\/18"}],"replies":[{"embeddable":true,"href":"https:\/\/nelliganlaw.ca\/fr\/wp-json\/wp\/v2\/comments?post=38962"}],"version-history":[{"count":2,"href":"https:\/\/nelliganlaw.ca\/fr\/wp-json\/wp\/v2\/pages\/38962\/revisions"}],"predecessor-version":[{"id":38964,"href":"https:\/\/nelliganlaw.ca\/fr\/wp-json\/wp\/v2\/pages\/38962\/revisions\/38964"}],"wp:attachment":[{"href":"https:\/\/nelliganlaw.ca\/fr\/wp-json\/wp\/v2\/media?parent=38962"}],"curies":[{"name":"wp","href":"https:\/\/api.w.org\/{rel}","templated":true}]}}