{"id":39012,"date":"2026-03-18T18:08:00","date_gmt":"2026-03-18T22:08:00","guid":{"rendered":"https:\/\/nelligan.s2.whc.webmarketersdev.ca\/notre-histoire\/"},"modified":"2026-03-18T18:08:00","modified_gmt":"2026-03-18T22:08:00","slug":"notre-histoire","status":"publish","type":"page","link":"https:\/\/nelliganlaw.ca\/fr\/notre-histoire\/","title":{"rendered":"Notre histoire"},"content":{"rendered":"\t\t<div data-elementor-type=\"wp-page\" data-elementor-id=\"39012\" class=\"elementor elementor-39012 elementor-33614\" data-elementor-post-type=\"page\">\n\t\t\t\t<div class=\"elementor-element elementor-element-3caa1f07 e-flex e-con-boxed e-con e-parent\" data-id=\"3caa1f07\" data-element_type=\"container\" data-e-type=\"container\">\n\t\t\t\t\t<div class=\"e-con-inner\">\n\t\t\t\t<div class=\"elementor-element elementor-element-77a6b59 elementor-widget elementor-widget-text-editor\" data-id=\"77a6b59\" data-element_type=\"widget\" data-e-type=\"widget\" data-widget_type=\"text-editor.default\">\n\t\t\t\t<div class=\"elementor-widget-container\">\n\t\t\t\t\t\t\t\t\t<h2>Notre histoire<\/h2><p>Fond\u00e9 par John P. Nelligan et Denis Power, notre cabinet a d\u2019abord \u00e9t\u00e9 connu sous le nom de Nelligan Power. John Nelligan, largement consid\u00e9r\u00e9 comme le \u00ab Perry Mason d\u2019Ottawa \u00bb pour ses comp\u00e9tences au tribunal, \u00e9tait un avocat \u00e9m\u00e9rite reconnu pour son humilit\u00e9, sa pens\u00e9e strat\u00e9gique et ses talents de n\u00e9gociateur exceptionnels. Sa carri\u00e8re a couvert des d\u00e9cennies d\u2019affaires tr\u00e8s m\u00e9diatis\u00e9es, de r\u00f4les de leadership au sein de la communaut\u00e9 juridique et de nombreuses distinctions, notamment la M\u00e9daille du Barreau et la M\u00e9daille de l\u2019Advocates\u2019 Society. Denis Power, un avocat plaidant accompli sp\u00e9cialis\u00e9 en droit civil, du travail et de l\u2019\u00e9ducation, \u00e9tait tout aussi respect\u00e9 pour son d\u00e9vouement \u00e0 la profession et son leadership au sein d\u2019organisations juridiques. Denis a rejoint John en tant qu\u2019\u00e9tudiant stagiaire en 1963, et en 1969, les deux ont form\u00e9 leur partenariat.    <\/p><p>Depuis cette fondation, nous sommes devenus l\u2019un des plus grands cabinets d\u2019avocats locaux d\u2019Ottawa, avec plus de 55 avocats et 50 professionnels administratifs. Notre vaste expertise dans de multiples domaines de pratique nous permet de guider nos clients \u00e0 travers certains des moments les plus cruciaux de leur vie avec comp\u00e9tence, soin et d\u00e9vouement. Apprenez-en davantage sur les services que nous offrons.  <\/p>\t\t\t\t\t\t\t\t<\/div>\n\t\t\t\t<\/div>\n\t\t\t\t<div class=\"elementor-element elementor-element-4eadef1 elementor-widget-divider--view-line elementor-widget elementor-widget-divider\" data-id=\"4eadef1\" data-element_type=\"widget\" data-e-type=\"widget\" data-widget_type=\"divider.default\">\n\t\t\t\t<div class=\"elementor-widget-container\">\n\t\t\t\t\t\t\t<div class=\"elementor-divider\">\n\t\t\t<span class=\"elementor-divider-separator\">\n\t\t\t\t\t\t<\/span>\n\t\t<\/div>\n\t\t\t\t\t\t<\/div>\n\t\t\t\t<\/div>\n\t\t\t\t<div class=\"elementor-element elementor-element-ba98a65 elementor-widget elementor-widget-text-editor\" data-id=\"ba98a65\" data-element_type=\"widget\" data-e-type=\"widget\" data-widget_type=\"text-editor.default\">\n\t\t\t\t<div class=\"elementor-widget-container\">\n\t\t\t\t\t\t\t\t\t<h2>Un cabinet d\u2019avocats diff\u00e9rent<\/h2><p>Chez Nelligan Law, nous sommes de vraies personnes qui se trouvent \u00eatre des avocats \u2013 accessibles, empathiques et d\u00e9vou\u00e9s \u00e0 faire une diff\u00e9rence significative dans la vie de nos clients. Nous savons que personne ne pr\u00e9voit d\u2019avoir besoin d\u2019un avocat, mais lorsque la vie prend un tournant difficile, vous m\u00e9ritez quelqu\u2019un qui non seulement conna\u00eet la loi, mais qui \u00e9coute, comprend et aide \u00e0 porter le poids de la situation. <\/p><p>Nous avons \u00e9galement modernis\u00e9 le fonctionnement d\u2019un cabinet d\u2019avocats. Au lieu d\u2019\u00eatre g\u00e9r\u00e9 uniquement par des associ\u00e9s, nous avons un PDG et un conseil d\u2019administration qui guident notre orientation strat\u00e9gique et placent l\u2019exp\u00e9rience client au centre de tout ce que nous faisons. Cette structure avant-gardiste permet \u00e0 nos avocats de se concentrer sur ce qu\u2019ils font de mieux \u2013 pratiquer le droit \u2013 tandis que notre \u00e9quipe de direction supervise les op\u00e9rations, l\u2019innovation et la croissance.  <\/p><p>Le r\u00e9sultat ? Un cabinet d\u2019avocats agile, ax\u00e9 sur le client et pr\u00eat \u00e0 r\u00e9pondre aux besoins du monde d\u2019aujourd\u2019hui sans perdre le lien humain qui a \u00e9t\u00e9 notre marque de fabrique depuis le premier jour. <\/p>\t\t\t\t\t\t\t\t<\/div>\n\t\t\t\t<\/div>\n\t\t\t\t<div class=\"elementor-element elementor-element-3625193 elementor-widget-divider--view-line elementor-widget elementor-widget-divider\" data-id=\"3625193\" data-element_type=\"widget\" data-e-type=\"widget\" data-widget_type=\"divider.default\">\n\t\t\t\t<div class=\"elementor-widget-container\">\n\t\t\t\t\t\t\t<div class=\"elementor-divider\">\n\t\t\t<span class=\"elementor-divider-separator\">\n\t\t\t\t\t\t<\/span>\n\t\t<\/div>\n\t\t\t\t\t\t<\/div>\n\t\t\t\t<\/div>\n\t\t\t\t<div class=\"elementor-element elementor-element-dbb45c9 elementor-widget elementor-widget-text-editor\" data-id=\"dbb45c9\" data-element_type=\"widget\" data-e-type=\"widget\" data-widget_type=\"text-editor.default\">\n\t\t\t\t<div class=\"elementor-widget-container\">\n\t\t\t\t\t\t\t\t\t<h2>Nos valeurs et notre vision<\/h2><p data-start=\"258\" data-end=\"338\">Chez Nelligan Law, notre travail est guid\u00e9 par un engagement commun envers nos valeurs fondamentales :<\/p><ul data-start=\"340\" data-end=\"839\"><li data-start=\"340\" data-end=\"474\"><p data-start=\"342\" data-end=\"474\"><strong data-start=\"342\" data-end=\"351\">Confiance<\/strong> \u2013 Nous agissons avec int\u00e9grit\u00e9 et transparence dans toutes nos interactions, b\u00e2tissant la confiance avec les clients, les coll\u00e8gues et les partenaires.<\/p><\/li><li data-start=\"475\" data-end=\"581\"><p data-start=\"477\" data-end=\"581\"><strong data-start=\"477\" data-end=\"488\">Empathie<\/strong> \u2013 Nous \u00e9coutons, comprenons et travaillons ensemble pour trouver des solutions qui r\u00e9pondent aux besoins de nos clients.<\/p><\/li><li data-start=\"582\" data-end=\"710\"><p data-start=\"584\" data-end=\"710\"><strong data-start=\"584\" data-end=\"602\">Responsabilit\u00e9<\/strong> \u2013 Nous nous tenons aux normes les plus \u00e9lev\u00e9es de la pratique juridique, assumant la responsabilit\u00e9 de notre travail et de nos r\u00e9sultats.<\/p><\/li><li data-start=\"711\" data-end=\"839\"><p data-start=\"713\" data-end=\"839\"><strong data-start=\"713\" data-end=\"731\">Respect mutuel<\/strong> \u2013 Nous valorisons la perspective et les contributions de chaque individu, traitant chacun avec \u00e9quit\u00e9 et dignit\u00e9.<\/p><\/li><\/ul><p data-start=\"841\" data-end=\"873\">Ces valeurs animent notre vision :<\/p><ul data-start=\"875\" data-end=\"1277\"><li data-start=\"875\" data-end=\"1007\"><p data-start=\"877\" data-end=\"1007\"><strong data-start=\"877\" data-end=\"902\">F\u00e9roces dans nos efforts.<\/strong> Nous sommes in\u00e9branlables dans notre d\u00e9vouement \u00e0 votre succ\u00e8s, fond\u00e9 sur l\u2019empathie, la responsabilit\u00e9 et le respect.<\/p><\/li><li data-start=\"1008\" data-end=\"1133\"><p data-start=\"1010\" data-end=\"1133\"><strong data-start=\"1010\" data-end=\"1036\">\u00c9prouv\u00e9s dans nos r\u00e9sultats.<\/strong> Nos strat\u00e9gies sont \u00e9clair\u00e9es, nos solutions sont adapt\u00e9es et nos r\u00e9sultats parlent d\u2019eux-m\u00eames.<\/p><\/li><li data-start=\"1134\" data-end=\"1277\"><p data-start=\"1136\" data-end=\"1277\"><strong data-start=\"1136\" data-end=\"1162\">Humains dans notre approche.<\/strong> Nous combinons expertise juridique, compr\u00e9hension et transparence pour vous guider \u00e0 travers les complexit\u00e9s du droit.<\/p><\/li><\/ul><p data-start=\"1279\" data-end=\"1396\">C\u2019est cette combinaison de valeurs, de comp\u00e9tences av\u00e9r\u00e9es et d\u2019une touche humaine qui d\u00e9finit qui nous sommes \u2013 et comment nous travaillons pour vous.<\/p>\t\t\t\t\t\t\t\t<\/div>\n\t\t\t\t<\/div>\n\t\t\t\t\t<\/div>\n\t\t\t\t<\/div>\n\t\t\t\t<\/div>\n\t\t","protected":false},"excerpt":{"rendered":"<p>Notre histoire Fond\u00e9 par John P. Nelligan et Denis Power, notre cabinet a d\u2019abord \u00e9t\u00e9 connu sous le nom de Nelligan Power. John Nelligan, largement consid\u00e9r\u00e9 comme le \u00ab Perry Mason d\u2019Ottawa \u00bb pour ses comp\u00e9tences au tribunal, \u00e9tait un avocat \u00e9m\u00e9rite reconnu pour son humilit\u00e9, sa pens\u00e9e strat\u00e9gique et ses talents de n\u00e9gociateur exceptionnels. [&hellip;]<\/p>\n","protected":false},"author":3,"featured_media":0,"parent":0,"menu_order":0,"comment_status":"closed","ping_status":"closed","template":"","meta":{"_acf_changed":false,"footnotes":""},"class_list":["post-39012","page","type-page","status-publish","hentry"],"acf":[],"yoast_head":"<!-- This site is optimized with the Yoast SEO plugin v27.3 - https:\/\/yoast.com\/product\/yoast-seo-wordpress\/ -->\n<title>Notre histoire - Avocats locaux \u00e0 Ottawa | Nelligan Law<\/title>\n<meta name=\"description\" content=\"D\u00e9couvrez l\u2019histoire, les valeurs et l\u2019engagement de Nelligan Law \u00e0 servir Ottawa avec int\u00e9grit\u00e9 et compassion depuis 1963.\" \/>\n<meta name=\"robots\" content=\"index, follow, max-snippet:-1, max-image-preview:large, max-video-preview:-1\" \/>\n<link rel=\"canonical\" href=\"https:\/\/nelliganlaw.ca\/fr\/notre-histoire\/\" \/>\n<meta property=\"og:locale\" content=\"fr_CA\" \/>\n<meta property=\"og:type\" content=\"article\" \/>\n<meta property=\"og:title\" content=\"Notre histoire - Avocats locaux \u00e0 Ottawa | Nelligan Law\" \/>\n<meta property=\"og:description\" content=\"D\u00e9couvrez l\u2019histoire, les valeurs et l\u2019engagement de Nelligan Law \u00e0 servir Ottawa avec int\u00e9grit\u00e9 et compassion depuis 1963.\" \/>\n<meta property=\"og:url\" content=\"https:\/\/nelliganlaw.ca\/fr\/notre-histoire\/\" \/>\n<meta property=\"og:site_name\" content=\"Nelligan Law\" \/>\n<meta property=\"article:publisher\" content=\"https:\/\/www.facebook.com\/nelliganlaw\" \/>\n<meta name=\"twitter:card\" content=\"summary_large_image\" \/>\n<meta name=\"twitter:site\" content=\"@NelliganLaw\" \/>\n<meta name=\"twitter:label1\" content=\"Estimation du temps de lecture\" \/>\n\t<meta name=\"twitter:data1\" content=\"3 minutes\" \/>\n<script type=\"application\/ld+json\" class=\"yoast-schema-graph\">{\"@context\":\"https:\\\/\\\/schema.org\",\"@graph\":[{\"@type\":\"WebPage\",\"@id\":\"https:\\\/\\\/nelliganlaw.ca\\\/fr\\\/notre-histoire\\\/\",\"url\":\"https:\\\/\\\/nelliganlaw.ca\\\/fr\\\/notre-histoire\\\/\",\"name\":\"Notre histoire - Avocats locaux \u00e0 Ottawa | Nelligan Law\",\"isPartOf\":{\"@id\":\"https:\\\/\\\/nelliganlaw.ca\\\/fr\\\/#website\"},\"datePublished\":\"2026-03-18T22:08:00+00:00\",\"description\":\"D\u00e9couvrez l\u2019histoire, les valeurs et l\u2019engagement de Nelligan Law \u00e0 servir Ottawa avec int\u00e9grit\u00e9 et compassion depuis 1963.\",\"breadcrumb\":{\"@id\":\"https:\\\/\\\/nelliganlaw.ca\\\/fr\\\/notre-histoire\\\/#breadcrumb\"},\"inLanguage\":\"fr-CA\",\"potentialAction\":[{\"@type\":\"ReadAction\",\"target\":[\"https:\\\/\\\/nelliganlaw.ca\\\/fr\\\/notre-histoire\\\/\"]}]},{\"@type\":\"BreadcrumbList\",\"@id\":\"https:\\\/\\\/nelliganlaw.ca\\\/fr\\\/notre-histoire\\\/#breadcrumb\",\"itemListElement\":[{\"@type\":\"ListItem\",\"position\":1,\"name\":\"Accueil\",\"item\":\"https:\\\/\\\/nelliganlaw.ca\\\/fr\\\/\"},{\"@type\":\"ListItem\",\"position\":2,\"name\":\"Notre histoire\"}]},{\"@type\":\"WebSite\",\"@id\":\"https:\\\/\\\/nelliganlaw.ca\\\/fr\\\/#website\",\"url\":\"https:\\\/\\\/nelliganlaw.ca\\\/fr\\\/\",\"name\":\"Nelligan Law\",\"description\":\"\",\"publisher\":{\"@id\":\"https:\\\/\\\/nelliganlaw.ca\\\/fr\\\/#organization\"},\"potentialAction\":[{\"@type\":\"SearchAction\",\"target\":{\"@type\":\"EntryPoint\",\"urlTemplate\":\"https:\\\/\\\/nelliganlaw.ca\\\/fr\\\/?s={search_term_string}\"},\"query-input\":{\"@type\":\"PropertyValueSpecification\",\"valueRequired\":true,\"valueName\":\"search_term_string\"}}],\"inLanguage\":\"fr-CA\"},{\"@type\":\"Organization\",\"@id\":\"https:\\\/\\\/nelliganlaw.ca\\\/fr\\\/#organization\",\"name\":\"Nelligan Law\",\"url\":\"https:\\\/\\\/nelliganlaw.ca\\\/fr\\\/\",\"logo\":{\"@type\":\"ImageObject\",\"inLanguage\":\"fr-CA\",\"@id\":\"https:\\\/\\\/nelliganlaw.ca\\\/fr\\\/#\\\/schema\\\/logo\\\/image\\\/\",\"url\":\"https:\\\/\\\/nelliganlaw.ca\\\/wp-content\\\/uploads\\\/2021\\\/03\\\/nelligan-logo-colour-black.svg\",\"contentUrl\":\"https:\\\/\\\/nelliganlaw.ca\\\/wp-content\\\/uploads\\\/2021\\\/03\\\/nelligan-logo-colour-black.svg\",\"width\":535,\"height\":145,\"caption\":\"Nelligan Law\"},\"image\":{\"@id\":\"https:\\\/\\\/nelliganlaw.ca\\\/fr\\\/#\\\/schema\\\/logo\\\/image\\\/\"},\"sameAs\":[\"https:\\\/\\\/www.facebook.com\\\/nelliganlaw\",\"https:\\\/\\\/x.com\\\/NelliganLaw\"]}]}<\/script>\n<!-- \/ Yoast SEO plugin. -->","yoast_head_json":{"title":"Notre histoire - Avocats locaux \u00e0 Ottawa | Nelligan Law","description":"D\u00e9couvrez l\u2019histoire, les valeurs et l\u2019engagement de Nelligan Law \u00e0 servir Ottawa avec int\u00e9grit\u00e9 et compassion depuis 1963.","robots":{"index":"index","follow":"follow","max-snippet":"max-snippet:-1","max-image-preview":"max-image-preview:large","max-video-preview":"max-video-preview:-1"},"canonical":"https:\/\/nelliganlaw.ca\/fr\/notre-histoire\/","og_locale":"fr_CA","og_type":"article","og_title":"Notre histoire - Avocats locaux \u00e0 Ottawa | Nelligan Law","og_description":"D\u00e9couvrez l\u2019histoire, les valeurs et l\u2019engagement de Nelligan Law \u00e0 servir Ottawa avec int\u00e9grit\u00e9 et compassion depuis 1963.","og_url":"https:\/\/nelliganlaw.ca\/fr\/notre-histoire\/","og_site_name":"Nelligan Law","article_publisher":"https:\/\/www.facebook.com\/nelliganlaw","twitter_card":"summary_large_image","twitter_site":"@NelliganLaw","twitter_misc":{"Estimation du temps de lecture":"3 minutes"},"schema":{"@context":"https:\/\/schema.org","@graph":[{"@type":"WebPage","@id":"https:\/\/nelliganlaw.ca\/fr\/notre-histoire\/","url":"https:\/\/nelliganlaw.ca\/fr\/notre-histoire\/","name":"Notre histoire - Avocats locaux \u00e0 Ottawa | Nelligan Law","isPartOf":{"@id":"https:\/\/nelliganlaw.ca\/fr\/#website"},"datePublished":"2026-03-18T22:08:00+00:00","description":"D\u00e9couvrez l\u2019histoire, les valeurs et l\u2019engagement de Nelligan Law \u00e0 servir Ottawa avec int\u00e9grit\u00e9 et compassion depuis 1963.","breadcrumb":{"@id":"https:\/\/nelliganlaw.ca\/fr\/notre-histoire\/#breadcrumb"},"inLanguage":"fr-CA","potentialAction":[{"@type":"ReadAction","target":["https:\/\/nelliganlaw.ca\/fr\/notre-histoire\/"]}]},{"@type":"BreadcrumbList","@id":"https:\/\/nelliganlaw.ca\/fr\/notre-histoire\/#breadcrumb","itemListElement":[{"@type":"ListItem","position":1,"name":"Accueil","item":"https:\/\/nelliganlaw.ca\/fr\/"},{"@type":"ListItem","position":2,"name":"Notre histoire"}]},{"@type":"WebSite","@id":"https:\/\/nelliganlaw.ca\/fr\/#website","url":"https:\/\/nelliganlaw.ca\/fr\/","name":"Nelligan Law","description":"","publisher":{"@id":"https:\/\/nelliganlaw.ca\/fr\/#organization"},"potentialAction":[{"@type":"SearchAction","target":{"@type":"EntryPoint","urlTemplate":"https:\/\/nelliganlaw.ca\/fr\/?s={search_term_string}"},"query-input":{"@type":"PropertyValueSpecification","valueRequired":true,"valueName":"search_term_string"}}],"inLanguage":"fr-CA"},{"@type":"Organization","@id":"https:\/\/nelliganlaw.ca\/fr\/#organization","name":"Nelligan Law","url":"https:\/\/nelliganlaw.ca\/fr\/","logo":{"@type":"ImageObject","inLanguage":"fr-CA","@id":"https:\/\/nelliganlaw.ca\/fr\/#\/schema\/logo\/image\/","url":"https:\/\/nelliganlaw.ca\/wp-content\/uploads\/2021\/03\/nelligan-logo-colour-black.svg","contentUrl":"https:\/\/nelliganlaw.ca\/wp-content\/uploads\/2021\/03\/nelligan-logo-colour-black.svg","width":535,"height":145,"caption":"Nelligan Law"},"image":{"@id":"https:\/\/nelliganlaw.ca\/fr\/#\/schema\/logo\/image\/"},"sameAs":["https:\/\/www.facebook.com\/nelliganlaw","https:\/\/x.com\/NelliganLaw"]}]}},"_links":{"self":[{"href":"https:\/\/nelliganlaw.ca\/fr\/wp-json\/wp\/v2\/pages\/39012","targetHints":{"allow":["GET"]}}],"collection":[{"href":"https:\/\/nelliganlaw.ca\/fr\/wp-json\/wp\/v2\/pages"}],"about":[{"href":"https:\/\/nelliganlaw.ca\/fr\/wp-json\/wp\/v2\/types\/page"}],"author":[{"embeddable":true,"href":"https:\/\/nelliganlaw.ca\/fr\/wp-json\/wp\/v2\/users\/3"}],"replies":[{"embeddable":true,"href":"https:\/\/nelliganlaw.ca\/fr\/wp-json\/wp\/v2\/comments?post=39012"}],"version-history":[{"count":1,"href":"https:\/\/nelliganlaw.ca\/fr\/wp-json\/wp\/v2\/pages\/39012\/revisions"}],"predecessor-version":[{"id":39013,"href":"https:\/\/nelliganlaw.ca\/fr\/wp-json\/wp\/v2\/pages\/39012\/revisions\/39013"}],"wp:attachment":[{"href":"https:\/\/nelliganlaw.ca\/fr\/wp-json\/wp\/v2\/media?parent=39012"}],"curies":[{"name":"wp","href":"https:\/\/api.w.org\/{rel}","templated":true}]}}