{"id":39014,"date":"2026-03-18T18:08:29","date_gmt":"2026-03-18T22:08:29","guid":{"rendered":"https:\/\/nelligan.s2.whc.webmarketersdev.ca\/avis-de-confidentialite\/"},"modified":"2026-04-07T16:31:22","modified_gmt":"2026-04-07T20:31:22","slug":"avis-de-confidentialite","status":"publish","type":"page","link":"https:\/\/nelliganlaw.ca\/fr\/avis-de-confidentialite\/","title":{"rendered":"Avis de confidentialit\u00e9"},"content":{"rendered":"\t\t<div data-elementor-type=\"wp-page\" data-elementor-id=\"39014\" class=\"elementor elementor-39014 elementor-16903\" data-elementor-post-type=\"page\">\n\t\t\t\t<div class=\"elementor-element elementor-element-815dcbc e-con-full e-flex e-con e-parent\" data-id=\"815dcbc\" data-element_type=\"container\" data-e-type=\"container\">\n\t\t\t\t<div class=\"elementor-element elementor-element-6218ae26 p-last-mb-0 elementor-widget elementor-widget-text-editor\" data-id=\"6218ae26\" data-element_type=\"widget\" data-e-type=\"widget\" data-widget_type=\"text-editor.default\">\n\t\t\t\t<div class=\"elementor-widget-container\">\n\t\t\t\t\t\t\t\t\t<h2>La nature de nos activit\u00e9s est confidentielle, et Nelligan Law s\u2019engage \u00e0 prot\u00e9ger la vie priv\u00e9e de ses clients et de ses contacts professionnels.<\/h2><p>Nous avons \u00e9labor\u00e9 une politique de confidentialit\u00e9 et une politique anti-pourriel concernant la collecte, le stockage et la divulgation de vos renseignements personnels, ainsi que les messages \u00e9lectroniques commerciaux (MEC) que vous recevez avec votre consentement. Nous appr\u00e9cions votre confiance et traitons confidentiellement tous les renseignements personnels relatifs \u00e0 nos clients et contacts. Notre cabinet ne vend, n\u2019\u00e9change ni ne c\u00e8de aucun renseignement personnel concernant nos clients et contacts.  <\/p><p>Nous recueillons des renseignements personnels pour \u00e9tablir nos dossiers clients, tenir \u00e0 jour nos listes de diffusion et pour vous repr\u00e9senter en tant que client. Avec votre consentement, nous pouvons \u00e9galement utiliser vos renseignements personnels pour vous informer des nouvelles du cabinet, vous inviter \u00e0 des \u00e9v\u00e9nements et s\u00e9minaires \u00e0 venir, ou pour vous envoyer des mises \u00e0 jour juridiques importantes, des bulletins d&rsquo;information, des articles ou des billets de blog, ainsi que d&rsquo;autres informations susceptibles de vous int\u00e9resser. Vous pouvez g\u00e9rer vos abonnements en cliquant ici ou en envoyant un courriel \u00e0 info@nelliganlaw.ca. Vous pouvez \u00e9galement retirer votre consentement \u00e0 recevoir des messages \u00e9lectroniques commerciaux de notre cabinet \u00e0 tout moment en cliquant ici.   <\/p><p>Nous pourrions vous contacter de temps \u00e0 autre pour obtenir des renseignements personnels suppl\u00e9mentaires afin de nous aider \u00e0 maintenir nos listes de contacts ou \u00e0 vous repr\u00e9senter. Dans le cadre de notre politique, nous exigeons le consentement de nos clients et contacts avant d\u2019utiliser leurs renseignements personnels \u00e0 toute fin autre que celle pour laquelle ils ont \u00e9t\u00e9 initialement recueillis. <\/p><p>Si vous souhaitez \u00e0 tout moment consulter ou modifier les renseignements personnels que nous d\u00e9tenons \u00e0 votre sujet, vous pouvez contacter notre responsable de la protection de la vie priv\u00e9e \u00e0 l\u2019adresse suivante :<\/p><p><strong>Julie Sarrazin<\/strong><br>Nelligan Law<br>50 O\u2019Connor, Bureau 300<br>Ottawa (Ontario) K1P 6L2<br>Ou par courriel \u00e0 : julie.sarrazin@nelliganlaw.ca <\/p><p> <\/p>\t\t\t\t\t\t\t\t<\/div>\n\t\t\t\t<\/div>\n\t\t\t\t<\/div>\n\t\t\t\t<\/div>\n\t\t","protected":false},"excerpt":{"rendered":"<p>La nature de nos activit\u00e9s est confidentielle, et Nelligan Law s\u2019engage \u00e0 prot\u00e9ger la vie priv\u00e9e de ses clients et de ses contacts professionnels. Nous avons \u00e9labor\u00e9 une politique de confidentialit\u00e9 et une politique anti-pourriel concernant la collecte, le stockage et la divulgation de vos renseignements personnels, ainsi que les messages \u00e9lectroniques commerciaux (MEC) que [&hellip;]<\/p>\n","protected":false},"author":18,"featured_media":0,"parent":0,"menu_order":0,"comment_status":"closed","ping_status":"open","template":"","meta":{"_acf_changed":false,"footnotes":""},"class_list":["post-39014","page","type-page","status-publish","hentry"],"acf":[],"yoast_head":"<!-- This site is optimized with the Yoast SEO plugin v27.3 - https:\/\/yoast.com\/product\/yoast-seo-wordpress\/ -->\n<title>Avis de confidentialit\u00e9 | Nelligan Law<\/title>\n<meta name=\"description\" content=\"Consultez la politique de confidentialit\u00e9 de Nelligan Law pour comprendre comment nous prot\u00e9geons vos renseignements personnels et maintenons la confidentialit\u00e9.\" \/>\n<meta name=\"robots\" content=\"index, follow, max-snippet:-1, max-image-preview:large, max-video-preview:-1\" \/>\n<link rel=\"canonical\" href=\"https:\/\/nelliganlaw.ca\/fr\/avis-de-confidentialite\/\" \/>\n<meta property=\"og:locale\" content=\"fr_CA\" \/>\n<meta property=\"og:type\" content=\"article\" \/>\n<meta property=\"og:title\" content=\"Avis de confidentialit\u00e9 | Nelligan Law\" \/>\n<meta property=\"og:description\" content=\"Consultez la politique de confidentialit\u00e9 de Nelligan Law pour comprendre comment nous prot\u00e9geons vos renseignements personnels et maintenons la confidentialit\u00e9.\" \/>\n<meta property=\"og:url\" content=\"https:\/\/nelliganlaw.ca\/fr\/avis-de-confidentialite\/\" \/>\n<meta property=\"og:site_name\" content=\"Nelligan Law\" \/>\n<meta property=\"article:publisher\" content=\"https:\/\/www.facebook.com\/nelliganlaw\" \/>\n<meta property=\"article:modified_time\" content=\"2026-04-07T20:31:22+00:00\" \/>\n<meta name=\"twitter:card\" content=\"summary_large_image\" \/>\n<meta name=\"twitter:site\" content=\"@NelliganLaw\" \/>\n<meta name=\"twitter:label1\" content=\"Estimation du temps de lecture\" \/>\n\t<meta name=\"twitter:data1\" content=\"2 minutes\" \/>\n<script type=\"application\/ld+json\" class=\"yoast-schema-graph\">{\"@context\":\"https:\\\/\\\/schema.org\",\"@graph\":[{\"@type\":\"WebPage\",\"@id\":\"https:\\\/\\\/nelliganlaw.ca\\\/fr\\\/avis-de-confidentialite\\\/\",\"url\":\"https:\\\/\\\/nelliganlaw.ca\\\/fr\\\/avis-de-confidentialite\\\/\",\"name\":\"Avis de confidentialit\u00e9 | Nelligan Law\",\"isPartOf\":{\"@id\":\"https:\\\/\\\/nelliganlaw.ca\\\/fr\\\/#website\"},\"datePublished\":\"2026-03-18T22:08:29+00:00\",\"dateModified\":\"2026-04-07T20:31:22+00:00\",\"description\":\"Consultez la politique de confidentialit\u00e9 de Nelligan Law pour comprendre comment nous prot\u00e9geons vos renseignements personnels et maintenons la confidentialit\u00e9.\",\"breadcrumb\":{\"@id\":\"https:\\\/\\\/nelliganlaw.ca\\\/fr\\\/avis-de-confidentialite\\\/#breadcrumb\"},\"inLanguage\":\"fr-CA\",\"potentialAction\":[{\"@type\":\"ReadAction\",\"target\":[\"https:\\\/\\\/nelliganlaw.ca\\\/fr\\\/avis-de-confidentialite\\\/\"]}]},{\"@type\":\"BreadcrumbList\",\"@id\":\"https:\\\/\\\/nelliganlaw.ca\\\/fr\\\/avis-de-confidentialite\\\/#breadcrumb\",\"itemListElement\":[{\"@type\":\"ListItem\",\"position\":1,\"name\":\"Home\",\"item\":\"https:\\\/\\\/nelliganlaw.ca\\\/fr\\\/home\\\/\"},{\"@type\":\"ListItem\",\"position\":2,\"name\":\"Avis de confidentialit\u00e9\"}]},{\"@type\":\"WebSite\",\"@id\":\"https:\\\/\\\/nelliganlaw.ca\\\/fr\\\/#website\",\"url\":\"https:\\\/\\\/nelliganlaw.ca\\\/fr\\\/\",\"name\":\"Nelligan Law\",\"description\":\"\",\"publisher\":{\"@id\":\"https:\\\/\\\/nelliganlaw.ca\\\/fr\\\/#organization\"},\"potentialAction\":[{\"@type\":\"SearchAction\",\"target\":{\"@type\":\"EntryPoint\",\"urlTemplate\":\"https:\\\/\\\/nelliganlaw.ca\\\/fr\\\/?s={search_term_string}\"},\"query-input\":{\"@type\":\"PropertyValueSpecification\",\"valueRequired\":true,\"valueName\":\"search_term_string\"}}],\"inLanguage\":\"fr-CA\"},{\"@type\":\"Organization\",\"@id\":\"https:\\\/\\\/nelliganlaw.ca\\\/fr\\\/#organization\",\"name\":\"Nelligan Law\",\"url\":\"https:\\\/\\\/nelliganlaw.ca\\\/fr\\\/\",\"logo\":{\"@type\":\"ImageObject\",\"inLanguage\":\"fr-CA\",\"@id\":\"https:\\\/\\\/nelliganlaw.ca\\\/fr\\\/#\\\/schema\\\/logo\\\/image\\\/\",\"url\":\"https:\\\/\\\/nelliganlaw.ca\\\/wp-content\\\/uploads\\\/2021\\\/03\\\/nelligan-logo-colour-black.svg\",\"contentUrl\":\"https:\\\/\\\/nelliganlaw.ca\\\/wp-content\\\/uploads\\\/2021\\\/03\\\/nelligan-logo-colour-black.svg\",\"width\":535,\"height\":145,\"caption\":\"Nelligan Law\"},\"image\":{\"@id\":\"https:\\\/\\\/nelliganlaw.ca\\\/fr\\\/#\\\/schema\\\/logo\\\/image\\\/\"},\"sameAs\":[\"https:\\\/\\\/www.facebook.com\\\/nelliganlaw\",\"https:\\\/\\\/x.com\\\/NelliganLaw\"]}]}<\/script>\n<!-- \/ Yoast SEO plugin. -->","yoast_head_json":{"title":"Avis de confidentialit\u00e9 | Nelligan Law","description":"Consultez la politique de confidentialit\u00e9 de Nelligan Law pour comprendre comment nous prot\u00e9geons vos renseignements personnels et maintenons la confidentialit\u00e9.","robots":{"index":"index","follow":"follow","max-snippet":"max-snippet:-1","max-image-preview":"max-image-preview:large","max-video-preview":"max-video-preview:-1"},"canonical":"https:\/\/nelliganlaw.ca\/fr\/avis-de-confidentialite\/","og_locale":"fr_CA","og_type":"article","og_title":"Avis de confidentialit\u00e9 | Nelligan Law","og_description":"Consultez la politique de confidentialit\u00e9 de Nelligan Law pour comprendre comment nous prot\u00e9geons vos renseignements personnels et maintenons la confidentialit\u00e9.","og_url":"https:\/\/nelliganlaw.ca\/fr\/avis-de-confidentialite\/","og_site_name":"Nelligan Law","article_publisher":"https:\/\/www.facebook.com\/nelliganlaw","article_modified_time":"2026-04-07T20:31:22+00:00","twitter_card":"summary_large_image","twitter_site":"@NelliganLaw","twitter_misc":{"Estimation du temps de lecture":"2 minutes"},"schema":{"@context":"https:\/\/schema.org","@graph":[{"@type":"WebPage","@id":"https:\/\/nelliganlaw.ca\/fr\/avis-de-confidentialite\/","url":"https:\/\/nelliganlaw.ca\/fr\/avis-de-confidentialite\/","name":"Avis de confidentialit\u00e9 | Nelligan Law","isPartOf":{"@id":"https:\/\/nelliganlaw.ca\/fr\/#website"},"datePublished":"2026-03-18T22:08:29+00:00","dateModified":"2026-04-07T20:31:22+00:00","description":"Consultez la politique de confidentialit\u00e9 de Nelligan Law pour comprendre comment nous prot\u00e9geons vos renseignements personnels et maintenons la confidentialit\u00e9.","breadcrumb":{"@id":"https:\/\/nelliganlaw.ca\/fr\/avis-de-confidentialite\/#breadcrumb"},"inLanguage":"fr-CA","potentialAction":[{"@type":"ReadAction","target":["https:\/\/nelliganlaw.ca\/fr\/avis-de-confidentialite\/"]}]},{"@type":"BreadcrumbList","@id":"https:\/\/nelliganlaw.ca\/fr\/avis-de-confidentialite\/#breadcrumb","itemListElement":[{"@type":"ListItem","position":1,"name":"Home","item":"https:\/\/nelliganlaw.ca\/fr\/home\/"},{"@type":"ListItem","position":2,"name":"Avis de confidentialit\u00e9"}]},{"@type":"WebSite","@id":"https:\/\/nelliganlaw.ca\/fr\/#website","url":"https:\/\/nelliganlaw.ca\/fr\/","name":"Nelligan Law","description":"","publisher":{"@id":"https:\/\/nelliganlaw.ca\/fr\/#organization"},"potentialAction":[{"@type":"SearchAction","target":{"@type":"EntryPoint","urlTemplate":"https:\/\/nelliganlaw.ca\/fr\/?s={search_term_string}"},"query-input":{"@type":"PropertyValueSpecification","valueRequired":true,"valueName":"search_term_string"}}],"inLanguage":"fr-CA"},{"@type":"Organization","@id":"https:\/\/nelliganlaw.ca\/fr\/#organization","name":"Nelligan Law","url":"https:\/\/nelliganlaw.ca\/fr\/","logo":{"@type":"ImageObject","inLanguage":"fr-CA","@id":"https:\/\/nelliganlaw.ca\/fr\/#\/schema\/logo\/image\/","url":"https:\/\/nelliganlaw.ca\/wp-content\/uploads\/2021\/03\/nelligan-logo-colour-black.svg","contentUrl":"https:\/\/nelliganlaw.ca\/wp-content\/uploads\/2021\/03\/nelligan-logo-colour-black.svg","width":535,"height":145,"caption":"Nelligan Law"},"image":{"@id":"https:\/\/nelliganlaw.ca\/fr\/#\/schema\/logo\/image\/"},"sameAs":["https:\/\/www.facebook.com\/nelliganlaw","https:\/\/x.com\/NelliganLaw"]}]}},"_links":{"self":[{"href":"https:\/\/nelliganlaw.ca\/fr\/wp-json\/wp\/v2\/pages\/39014","targetHints":{"allow":["GET"]}}],"collection":[{"href":"https:\/\/nelliganlaw.ca\/fr\/wp-json\/wp\/v2\/pages"}],"about":[{"href":"https:\/\/nelliganlaw.ca\/fr\/wp-json\/wp\/v2\/types\/page"}],"author":[{"embeddable":true,"href":"https:\/\/nelliganlaw.ca\/fr\/wp-json\/wp\/v2\/users\/18"}],"replies":[{"embeddable":true,"href":"https:\/\/nelliganlaw.ca\/fr\/wp-json\/wp\/v2\/comments?post=39014"}],"version-history":[{"count":3,"href":"https:\/\/nelliganlaw.ca\/fr\/wp-json\/wp\/v2\/pages\/39014\/revisions"}],"predecessor-version":[{"id":40023,"href":"https:\/\/nelliganlaw.ca\/fr\/wp-json\/wp\/v2\/pages\/39014\/revisions\/40023"}],"wp:attachment":[{"href":"https:\/\/nelliganlaw.ca\/fr\/wp-json\/wp\/v2\/media?parent=39014"}],"curies":[{"name":"wp","href":"https:\/\/api.w.org\/{rel}","templated":true}]}}