{"id":39592,"date":"2026-03-30T08:19:00","date_gmt":"2026-03-30T12:19:00","guid":{"rendered":"https:\/\/nelligan.s2.whc.webmarketersdev.ca\/paiement-en-ligne\/"},"modified":"2026-04-07T16:31:22","modified_gmt":"2026-04-07T20:31:22","slug":"paiement-en-ligne","status":"publish","type":"page","link":"https:\/\/nelliganlaw.ca\/fr\/paiement-en-ligne\/","title":{"rendered":"Paiement en ligne"},"content":{"rendered":"\t\t<div data-elementor-type=\"wp-page\" data-elementor-id=\"39592\" class=\"elementor elementor-39592 elementor-17482\" data-elementor-post-type=\"page\">\n\t\t\t\t\t\t<section class=\"elementor-section elementor-top-section elementor-element elementor-element-7412e893 elementor-section-boxed elementor-section-height-default elementor-section-height-default\" data-id=\"7412e893\" data-element_type=\"section\" data-e-type=\"section\">\n\t\t\t\t\t\t<div class=\"elementor-container elementor-column-gap-default\">\n\t\t\t\t\t<div class=\"elementor-column elementor-col-100 elementor-top-column elementor-element elementor-element-7d5e459a\" data-id=\"7d5e459a\" data-element_type=\"column\" data-e-type=\"column\">\n\t\t\t<div class=\"elementor-widget-wrap elementor-element-populated\">\n\t\t\t\t\t\t<div class=\"elementor-element elementor-element-489831b elementor-widget elementor-widget-button\" data-id=\"489831b\" data-element_type=\"widget\" data-e-type=\"widget\" data-widget_type=\"button.default\">\n\t\t\t\t<div class=\"elementor-widget-container\">\n\t\t\t\t\t\t\t\t\t<div class=\"elementor-button-wrapper\">\n\t\t\t\t\t<a class=\"elementor-button elementor-button-link elementor-size-sm\" href=\"https:\/\/app.clientpay.com\/home\/payment\/#\/paymentPage\/0853379c-c3b9-4cf6-8b83-e6ac4f38b4fd\" target=\"_blank\">\n\t\t\t\t\t\t<span class=\"elementor-button-content-wrapper\">\n\t\t\t\t\t\t\t\t\t<span class=\"elementor-button-text\">Commencer le processus de paiement<\/span>\n\t\t\t\t\t<\/span>\n\t\t\t\t\t<\/a>\n\t\t\t\t<\/div>\n\t\t\t\t\t\t\t\t<\/div>\n\t\t\t\t<\/div>\n\t\t\t\t\t<\/div>\n\t\t<\/div>\n\t\t\t\t\t<\/div>\n\t\t<\/section>\n\t\t\t\t<section class=\"elementor-section elementor-top-section elementor-element elementor-element-1b06c0a elementor-section-boxed elementor-section-height-default elementor-section-height-default\" data-id=\"1b06c0a\" data-element_type=\"section\" data-e-type=\"section\">\n\t\t\t\t\t\t<div class=\"elementor-container elementor-column-gap-default\">\n\t\t\t\t\t<div class=\"elementor-column elementor-col-100 elementor-top-column elementor-element elementor-element-2196aad\" data-id=\"2196aad\" data-element_type=\"column\" data-e-type=\"column\">\n\t\t\t<div class=\"elementor-widget-wrap elementor-element-populated\">\n\t\t\t\t\t\t<div class=\"elementor-element elementor-element-118857e elementor-widget elementor-widget-text-editor\" data-id=\"118857e\" data-element_type=\"widget\" data-e-type=\"widget\" data-widget_type=\"text-editor.default\">\n\t\t\t\t<div class=\"elementor-widget-container\">\n\t\t\t\t\t\t\t\t\t<p>Veuillez noter que le lien ci-dessus vous dirigera vers notre page de paiement en ligne h\u00e9berg\u00e9e par ClientPay. Pour r\u00e9gler votre facture en ligne, vous aurez besoin de votre identifiant de dossier (\u00e9galement appel\u00e9 num\u00e9ro de dossier) et de votre num\u00e9ro de facture \u00e0 6 chiffres. Ces deux num\u00e9ros figurent sur la facture.  <\/p>\t\t\t\t\t\t\t\t<\/div>\n\t\t\t\t<\/div>\n\t\t\t\t\t<\/div>\n\t\t<\/div>\n\t\t\t\t\t<\/div>\n\t\t<\/section>\n\t\t\t\t<\/div>\n\t\t","protected":false},"excerpt":{"rendered":"<p>Commencer le processus de paiement Veuillez noter que le lien ci-dessus vous dirigera vers notre page de paiement en ligne h\u00e9berg\u00e9e par ClientPay. Pour r\u00e9gler votre facture en ligne, vous aurez besoin de votre identifiant de dossier (\u00e9galement appel\u00e9 num\u00e9ro de dossier) et de votre num\u00e9ro de facture \u00e0 6 chiffres. Ces deux num\u00e9ros figurent [&hellip;]<\/p>\n","protected":false},"author":18,"featured_media":0,"parent":0,"menu_order":0,"comment_status":"closed","ping_status":"closed","template":"","meta":{"_acf_changed":false,"footnotes":""},"class_list":["post-39592","page","type-page","status-publish","hentry"],"acf":[],"yoast_head":"<!-- This site is optimized with the Yoast SEO plugin v27.3 - https:\/\/yoast.com\/product\/yoast-seo-wordpress\/ -->\n<title>Paiement en ligne | Nelligan Law<\/title>\n<meta name=\"description\" content=\"Effectuez des paiements en ligne s\u00e9curis\u00e9s pour vos services juridiques gr\u00e2ce au portail de paiement pratique et fiable de Nelligan Law.\" \/>\n<meta name=\"robots\" content=\"index, follow, max-snippet:-1, max-image-preview:large, max-video-preview:-1\" \/>\n<link rel=\"canonical\" href=\"https:\/\/nelliganlaw.ca\/fr\/paiement-en-ligne\/\" \/>\n<meta property=\"og:locale\" content=\"fr_CA\" \/>\n<meta property=\"og:type\" content=\"article\" \/>\n<meta property=\"og:title\" content=\"Paiement en ligne | Nelligan Law\" \/>\n<meta property=\"og:description\" content=\"Effectuez des paiements en ligne s\u00e9curis\u00e9s pour vos services juridiques gr\u00e2ce au portail de paiement pratique et fiable de Nelligan Law.\" \/>\n<meta property=\"og:url\" content=\"https:\/\/nelliganlaw.ca\/fr\/paiement-en-ligne\/\" \/>\n<meta property=\"og:site_name\" content=\"Nelligan Law\" \/>\n<meta property=\"article:publisher\" content=\"https:\/\/www.facebook.com\/nelliganlaw\" \/>\n<meta property=\"article:modified_time\" content=\"2026-04-07T20:31:22+00:00\" \/>\n<meta name=\"twitter:card\" content=\"summary_large_image\" \/>\n<meta name=\"twitter:site\" content=\"@NelliganLaw\" \/>\n<script type=\"application\/ld+json\" class=\"yoast-schema-graph\">{\"@context\":\"https:\\\/\\\/schema.org\",\"@graph\":[{\"@type\":\"WebPage\",\"@id\":\"https:\\\/\\\/nelliganlaw.ca\\\/fr\\\/paiement-en-ligne\\\/\",\"url\":\"https:\\\/\\\/nelliganlaw.ca\\\/fr\\\/paiement-en-ligne\\\/\",\"name\":\"Paiement en ligne | Nelligan Law\",\"isPartOf\":{\"@id\":\"https:\\\/\\\/nelliganlaw.ca\\\/fr\\\/#website\"},\"datePublished\":\"2026-03-30T12:19:00+00:00\",\"dateModified\":\"2026-04-07T20:31:22+00:00\",\"description\":\"Effectuez des paiements en ligne s\u00e9curis\u00e9s pour vos services juridiques gr\u00e2ce au portail de paiement pratique et fiable de Nelligan Law.\",\"breadcrumb\":{\"@id\":\"https:\\\/\\\/nelliganlaw.ca\\\/fr\\\/paiement-en-ligne\\\/#breadcrumb\"},\"inLanguage\":\"fr-CA\",\"potentialAction\":[{\"@type\":\"ReadAction\",\"target\":[\"https:\\\/\\\/nelliganlaw.ca\\\/fr\\\/paiement-en-ligne\\\/\"]}]},{\"@type\":\"BreadcrumbList\",\"@id\":\"https:\\\/\\\/nelliganlaw.ca\\\/fr\\\/paiement-en-ligne\\\/#breadcrumb\",\"itemListElement\":[{\"@type\":\"ListItem\",\"position\":1,\"name\":\"Home\",\"item\":\"https:\\\/\\\/nelliganlaw.ca\\\/fr\\\/home\\\/\"},{\"@type\":\"ListItem\",\"position\":2,\"name\":\"Paiement en ligne\"}]},{\"@type\":\"WebSite\",\"@id\":\"https:\\\/\\\/nelliganlaw.ca\\\/fr\\\/#website\",\"url\":\"https:\\\/\\\/nelliganlaw.ca\\\/fr\\\/\",\"name\":\"Nelligan Law\",\"description\":\"\",\"publisher\":{\"@id\":\"https:\\\/\\\/nelliganlaw.ca\\\/fr\\\/#organization\"},\"potentialAction\":[{\"@type\":\"SearchAction\",\"target\":{\"@type\":\"EntryPoint\",\"urlTemplate\":\"https:\\\/\\\/nelliganlaw.ca\\\/fr\\\/?s={search_term_string}\"},\"query-input\":{\"@type\":\"PropertyValueSpecification\",\"valueRequired\":true,\"valueName\":\"search_term_string\"}}],\"inLanguage\":\"fr-CA\"},{\"@type\":\"Organization\",\"@id\":\"https:\\\/\\\/nelliganlaw.ca\\\/fr\\\/#organization\",\"name\":\"Nelligan Law\",\"url\":\"https:\\\/\\\/nelliganlaw.ca\\\/fr\\\/\",\"logo\":{\"@type\":\"ImageObject\",\"inLanguage\":\"fr-CA\",\"@id\":\"https:\\\/\\\/nelliganlaw.ca\\\/fr\\\/#\\\/schema\\\/logo\\\/image\\\/\",\"url\":\"https:\\\/\\\/nelliganlaw.ca\\\/wp-content\\\/uploads\\\/2021\\\/03\\\/nelligan-logo-colour-black.svg\",\"contentUrl\":\"https:\\\/\\\/nelliganlaw.ca\\\/wp-content\\\/uploads\\\/2021\\\/03\\\/nelligan-logo-colour-black.svg\",\"width\":535,\"height\":145,\"caption\":\"Nelligan Law\"},\"image\":{\"@id\":\"https:\\\/\\\/nelliganlaw.ca\\\/fr\\\/#\\\/schema\\\/logo\\\/image\\\/\"},\"sameAs\":[\"https:\\\/\\\/www.facebook.com\\\/nelliganlaw\",\"https:\\\/\\\/x.com\\\/NelliganLaw\"]}]}<\/script>\n<!-- \/ Yoast SEO plugin. -->","yoast_head_json":{"title":"Paiement en ligne | Nelligan Law","description":"Effectuez des paiements en ligne s\u00e9curis\u00e9s pour vos services juridiques gr\u00e2ce au portail de paiement pratique et fiable de Nelligan Law.","robots":{"index":"index","follow":"follow","max-snippet":"max-snippet:-1","max-image-preview":"max-image-preview:large","max-video-preview":"max-video-preview:-1"},"canonical":"https:\/\/nelliganlaw.ca\/fr\/paiement-en-ligne\/","og_locale":"fr_CA","og_type":"article","og_title":"Paiement en ligne | Nelligan Law","og_description":"Effectuez des paiements en ligne s\u00e9curis\u00e9s pour vos services juridiques gr\u00e2ce au portail de paiement pratique et fiable de Nelligan Law.","og_url":"https:\/\/nelliganlaw.ca\/fr\/paiement-en-ligne\/","og_site_name":"Nelligan Law","article_publisher":"https:\/\/www.facebook.com\/nelliganlaw","article_modified_time":"2026-04-07T20:31:22+00:00","twitter_card":"summary_large_image","twitter_site":"@NelliganLaw","schema":{"@context":"https:\/\/schema.org","@graph":[{"@type":"WebPage","@id":"https:\/\/nelliganlaw.ca\/fr\/paiement-en-ligne\/","url":"https:\/\/nelliganlaw.ca\/fr\/paiement-en-ligne\/","name":"Paiement en ligne | Nelligan Law","isPartOf":{"@id":"https:\/\/nelliganlaw.ca\/fr\/#website"},"datePublished":"2026-03-30T12:19:00+00:00","dateModified":"2026-04-07T20:31:22+00:00","description":"Effectuez des paiements en ligne s\u00e9curis\u00e9s pour vos services juridiques gr\u00e2ce au portail de paiement pratique et fiable de Nelligan Law.","breadcrumb":{"@id":"https:\/\/nelliganlaw.ca\/fr\/paiement-en-ligne\/#breadcrumb"},"inLanguage":"fr-CA","potentialAction":[{"@type":"ReadAction","target":["https:\/\/nelliganlaw.ca\/fr\/paiement-en-ligne\/"]}]},{"@type":"BreadcrumbList","@id":"https:\/\/nelliganlaw.ca\/fr\/paiement-en-ligne\/#breadcrumb","itemListElement":[{"@type":"ListItem","position":1,"name":"Home","item":"https:\/\/nelliganlaw.ca\/fr\/home\/"},{"@type":"ListItem","position":2,"name":"Paiement en ligne"}]},{"@type":"WebSite","@id":"https:\/\/nelliganlaw.ca\/fr\/#website","url":"https:\/\/nelliganlaw.ca\/fr\/","name":"Nelligan Law","description":"","publisher":{"@id":"https:\/\/nelliganlaw.ca\/fr\/#organization"},"potentialAction":[{"@type":"SearchAction","target":{"@type":"EntryPoint","urlTemplate":"https:\/\/nelliganlaw.ca\/fr\/?s={search_term_string}"},"query-input":{"@type":"PropertyValueSpecification","valueRequired":true,"valueName":"search_term_string"}}],"inLanguage":"fr-CA"},{"@type":"Organization","@id":"https:\/\/nelliganlaw.ca\/fr\/#organization","name":"Nelligan Law","url":"https:\/\/nelliganlaw.ca\/fr\/","logo":{"@type":"ImageObject","inLanguage":"fr-CA","@id":"https:\/\/nelliganlaw.ca\/fr\/#\/schema\/logo\/image\/","url":"https:\/\/nelliganlaw.ca\/wp-content\/uploads\/2021\/03\/nelligan-logo-colour-black.svg","contentUrl":"https:\/\/nelliganlaw.ca\/wp-content\/uploads\/2021\/03\/nelligan-logo-colour-black.svg","width":535,"height":145,"caption":"Nelligan Law"},"image":{"@id":"https:\/\/nelliganlaw.ca\/fr\/#\/schema\/logo\/image\/"},"sameAs":["https:\/\/www.facebook.com\/nelliganlaw","https:\/\/x.com\/NelliganLaw"]}]}},"_links":{"self":[{"href":"https:\/\/nelliganlaw.ca\/fr\/wp-json\/wp\/v2\/pages\/39592","targetHints":{"allow":["GET"]}}],"collection":[{"href":"https:\/\/nelliganlaw.ca\/fr\/wp-json\/wp\/v2\/pages"}],"about":[{"href":"https:\/\/nelliganlaw.ca\/fr\/wp-json\/wp\/v2\/types\/page"}],"author":[{"embeddable":true,"href":"https:\/\/nelliganlaw.ca\/fr\/wp-json\/wp\/v2\/users\/18"}],"replies":[{"embeddable":true,"href":"https:\/\/nelliganlaw.ca\/fr\/wp-json\/wp\/v2\/comments?post=39592"}],"version-history":[{"count":2,"href":"https:\/\/nelliganlaw.ca\/fr\/wp-json\/wp\/v2\/pages\/39592\/revisions"}],"predecessor-version":[{"id":40024,"href":"https:\/\/nelliganlaw.ca\/fr\/wp-json\/wp\/v2\/pages\/39592\/revisions\/40024"}],"wp:attachment":[{"href":"https:\/\/nelliganlaw.ca\/fr\/wp-json\/wp\/v2\/media?parent=39592"}],"curies":[{"name":"wp","href":"https:\/\/api.w.org\/{rel}","templated":true}]}}